{"id":1031,"date":"2022-01-27T17:51:44","date_gmt":"2022-01-27T16:51:44","guid":{"rendered":"http:\/\/www.cortealma.com\/freizeit\/"},"modified":"2024-03-15T09:33:40","modified_gmt":"2024-03-15T08:33:40","slug":"freizeit","status":"publish","type":"page","link":"https:\/\/www.cortealma.com\/de\/freizeit\/","title":{"rendered":"Freizeit"},"content":{"rendered":"<section class=\"l-section wpb_row us_custom_53156a53 height_auto\"><div class=\"l-section-h i-cf\"><div class=\"g-cols vc_row via_grid cols_1 laptops-cols_inherit tablets-cols_inherit mobiles-cols_1 valign_top type_default stacking_default\"><div class=\"wpb_column vc_column_container\"><div class=\"vc_column-inner\"><div class=\"w-image us_custom_fbbe60b2 i300 us_animate_this align_none\"><div class=\"w-image-h\"><img decoding=\"async\" width=\"264\" height=\"264\" src=\"https:\/\/www.cortealma.com\/wp-content\/uploads\/2022\/01\/logobianco.svg\" class=\"attachment-full size-full\" alt=\"\" loading=\"lazy\" \/><\/div><\/div><\/div><\/div><\/div><\/div><\/section><section class=\"l-section wpb_row us_custom_af7fd6bd height_medium full_height valign_bottom with_img parallax_ver\"><div class=\"l-section-img\" role=\"img\" data-img-width=\"1984\" data-img-height=\"1375\" style=\"background-image: url(https:\/\/www.cortealma.com\/wp-content\/uploads\/2022\/01\/attrazioni-lago-di-garda.jpg);background-repeat: no-repeat;\"><\/div><div class=\"l-section-overlay\" style=\"background:linear-gradient(35deg,rgba(0,0,0,0.50),rgba(0,0,0,0.00))\"><\/div><div class=\"l-section-h i-cf\"><div class=\"g-cols vc_row via_grid cols_1 laptops-cols_inherit tablets-cols_inherit mobiles-cols_1 valign_top type_default stacking_default\"><div class=\"wpb_column vc_column_container\"><div class=\"vc_column-inner\"><div class=\"wpb_text_column us_custom_01d2a655 has_text_color us_animate_this\"><div class=\"wpb_wrapper\"><p>Freizeit<\/p>\n<\/div><\/div><div class=\"w-separator size_small with_line width_30 thick_1 style_solid color_border align_right\"><div class=\"w-separator-h\"><\/div><\/div><\/div><\/div><\/div><\/div><\/section><section class=\"l-section wpb_row us_custom_2349630d height_small with_shape\"><div class=\"l-section-shape type_wave pos_bottom\" style=\"height:15vmin;\"><svg xmlns=\"http:\/\/www.w3.org\/2000\/svg\" viewBox=\"0 4 64 4\" preserveAspectRatio=\"none\" width=\"100%\" height=\"100%\">\r\n\t<path fill=\"currentColor\" d=\"M64 6 C32 0 32 12 0 6 L0 8 L64 8 Z\"\/>\r\n<\/svg><\/div><div class=\"l-section-h i-cf\"><div class=\"g-cols vc_row via_grid cols_1 laptops-cols_inherit tablets-cols_inherit mobiles-cols_1 valign_top type_default stacking_default\"><div class=\"wpb_column vc_column_container\"><div class=\"vc_column-inner\"><div class=\"wpb_text_column us_custom_60e9caca us_animate_this\"><div class=\"wpb_wrapper\"><h1>Freizeit<\/h1>\n<\/div><\/div><div class=\"wpb_text_column us_custom_60e9caca us_animate_this\"><div class=\"wpb_wrapper\"><h2>F\u00fcr jede Passion das passende Angebot<\/h2>\n<\/div><\/div><div class=\"w-separator size_medium\"><\/div><div class=\"g-cols wpb_row via_grid cols_1-5 laptops-cols_inherit tablets-cols_inherit mobiles-cols_1 valign_top type_default stacking_default\" style=\"--columns-gap:3rem;\"><div class=\"wpb_column vc_column_container\"><div class=\"vc_column-inner\"><\/div><\/div><div class=\"wpb_column vc_column_container\"><div class=\"vc_column-inner\"><div class=\"wpb_text_column us_custom_5f227dd8\"><div class=\"wpb_wrapper\"><p>Corte Alma ist der Ausgangspunkt f\u00fcr unz\u00e4hlige Wanderwege. Erkunden Sie auf einsamen Wanderwegen und Klettersteigen eine faszinierende Natur und atemberaubende Ausblicke auf den Gardasee.<br \/>\nSeite des Gardasees: Italiens \u00e4lteste D\u00f6rfer und Siedlungen, landestypische Sehensw\u00fcrdigkeiten wie die historischen und herrlich duftenden Gew\u00e4chsh\u00e4user f\u00fcr Zitrusfr\u00fcchte, historische Kirchen und H\u00e4user ber\u00fchmter Pers\u00f6nlichkeiten wie on D. H. Lawrence oder die historische Villa Feltrinelli.<\/p>\n<\/div><\/div><div class=\"w-separator size_medium\"><\/div><\/div><\/div><\/div><div class=\"w-separator size_huge\"><\/div><\/div><\/div><\/div><\/div><\/section><section class=\"l-section wpb_row us_custom_60e9caca us_animate_this height_small\"><div class=\"l-section-h i-cf\"><div class=\"g-cols vc_row via_grid cols_2-1 laptops-cols_inherit tablets-cols_inherit mobiles-cols_1 valign_middle type_default stacking_default\"><div class=\"wpb_column vc_column_container us_custom_af62c6c8 has_bg_color stretched\"><div class=\"vc_column-inner\"><\/div><\/div><div class=\"wpb_column vc_column_container\"><div class=\"vc_column-inner\"><div class=\"wpb_text_column us_custom_1f4a5026\"><div class=\"wpb_wrapper\"><p>GOLFPLATZ<\/p>\n<\/div><\/div><div class=\"wpb_text_column us_custom_eb849559\"><div class=\"wpb_wrapper\"><h3>Golf Bogliaco<\/h3>\n<\/div><\/div><div class=\"w-separator size_small with_line width_30 thick_1 style_solid color_border align_center\"><div class=\"w-separator-h\"><\/div><\/div><div class=\"wpb_text_column us_custom_f908867c has_text_color\"><div class=\"wpb_wrapper\"><p><i class=\"far fa-info-circle\"><\/i> Nur 5 Minuten von Corte Alma entfernt<\/p>\n<\/div><\/div><div class=\"wpb_text_column us_custom_432d3f53\"><div class=\"wpb_wrapper\"><p>Der gro\u00dfz\u00fcgige Golfplatz im englischen Stil ist eingebettet in eine einzigartiger Natur mit Oleandern, Zypressen, Olivenb\u00e4umen, Lorbeeren und anderen f\u00fcr die Region typischen Pflanzen. Der einzigartige Blick auf den See verspricht ein ganz besonderes Golf-Erlebnis.<\/p>\n<\/div><\/div><div class=\"w-separator size_small\"><\/div><div class=\"w-btn-wrapper align_center\"><a class=\"w-btn us-btn-style_1\" target=\"_blank\" rel=\"nofollow\" href=\"http:\/\/www.golfbogliaco.com\/\"><span class=\"w-btn-label\">Gehen Sie zur Website<\/span><\/a><\/div><\/div><\/div><\/div><\/div><\/section><section class=\"l-section wpb_row us_custom_60e9caca us_animate_this height_small\"><div class=\"l-section-h i-cf\"><div class=\"g-cols vc_row via_grid cols_1-2 laptops-cols_inherit tablets-cols_inherit mobiles-cols_1 valign_middle type_default reversed stacking_default\"><div class=\"wpb_column vc_column_container\"><div class=\"vc_column-inner\"><div class=\"wpb_text_column us_custom_1f4a5026\"><div class=\"wpb_wrapper\"><p>BOOTSVERLEIH<\/p>\n<\/div><\/div><div class=\"wpb_text_column us_custom_eb849559\"><div class=\"wpb_wrapper\"><h3>Rent Boat Gargnano<\/h3>\n<\/div><\/div><div class=\"w-separator size_small with_line width_30 thick_1 style_solid color_border align_center\"><div class=\"w-separator-h\"><\/div><\/div><div class=\"wpb_text_column us_custom_f908867c has_text_color\"><div class=\"wpb_wrapper\"><p><i class=\"far fa-info-circle\"><\/i> Nur 6 Minuten von Corte Alma entfernt<\/p>\n<\/div><\/div><div class=\"wpb_text_column us_custom_432d3f53\"><div class=\"wpb_wrapper\"><p>Die sch\u00f6nste M\u00f6glichkeit den Gardasee und seine traumhafte Kulisse zu erleben, ist vom Wasser aus. Stefano Piacenza, der Inhaber von Gargnano Rent-Boat, steht Ihnen mit seiner Flotte moderner Boote und wertvollen Insider-Tipps zur Verf\u00fcgung.<br \/>\nSie k\u00f6nnen bei ihm auch ohne Motorboot-F\u00fchrerschein kleine Boote mit Aussenborder mieten, um den See und seine Sch\u00f6nheit, wie die ber\u00fchmte Isola del Garda zu erkunden.<\/p>\n<\/div><\/div><div class=\"w-separator size_small\"><\/div><div class=\"w-btn-wrapper align_center\"><a class=\"w-btn us-btn-style_1\" target=\"_blank\" rel=\"nofollow\" href=\"https:\/\/www.rentboatgargnano.com\/\"><span class=\"w-btn-label\">Gehen Sie zur Website<\/span><\/a><\/div><\/div><\/div><div class=\"wpb_column vc_column_container us_custom_90532e09 has_bg_color stretched\"><div class=\"vc_column-inner\"><\/div><\/div><\/div><\/div><\/section><section class=\"l-section wpb_row us_custom_60e9caca us_animate_this height_small\"><div class=\"l-section-h i-cf\"><div class=\"g-cols vc_row via_grid cols_2-1 laptops-cols_inherit tablets-cols_inherit mobiles-cols_1 valign_middle type_default stacking_default\"><div class=\"wpb_column vc_column_container us_custom_9720c42b has_bg_color stretched\"><div class=\"vc_column-inner\"><\/div><\/div><div class=\"wpb_column vc_column_container\"><div class=\"vc_column-inner\"><div class=\"wpb_text_column us_custom_1f4a5026\"><div class=\"wpb_wrapper\"><p>TENNISPL\u00c4TZE<\/p>\n<\/div><\/div><div class=\"wpb_text_column us_custom_eb849559\"><div class=\"wpb_wrapper\"><h3>Tennis Club Bogliaco<\/h3>\n<\/div><\/div><div class=\"w-separator size_small with_line width_30 thick_1 style_solid color_border align_center\"><div class=\"w-separator-h\"><\/div><\/div><div class=\"wpb_text_column us_custom_f908867c has_text_color\"><div class=\"wpb_wrapper\"><p><i class=\"far fa-info-circle\"><\/i> Nur 2 Minuten von Corte Alma entfernt<\/p>\n<\/div><\/div><div class=\"wpb_text_column us_custom_432d3f53\"><div class=\"wpb_wrapper\"><p>Zwei sch\u00f6ne Sandtennispl\u00e4tze befinden sich in unmittelbarer N\u00e4he. Privatunterricht und Sommerkurse im Freien werden ebenfalls abgehalten. Bar-Service neben den Feldern.<\/p>\n<\/div><\/div><div class=\"w-separator size_small\"><\/div><div class=\"w-btn-wrapper align_center\"><a class=\"w-btn us-btn-style_1\" target=\"_blank\" rel=\"nofollow\" href=\"https:\/\/www.google.it\/maps\/place\/ASD+Tennis+Bogliaco+2014\/\"><span class=\"w-btn-label\">Siehe auf Google Maps<\/span><\/a><\/div><\/div><\/div><\/div><\/div><\/section><section class=\"l-section wpb_row us_custom_60e9caca us_animate_this height_small\"><div class=\"l-section-h i-cf\"><div class=\"g-cols vc_row via_grid cols_1-2 laptops-cols_inherit tablets-cols_inherit mobiles-cols_1 valign_middle type_default reversed stacking_default\"><div class=\"wpb_column vc_column_container\"><div class=\"vc_column-inner\"><div class=\"wpb_text_column us_custom_1f4a5026\"><div class=\"wpb_wrapper\"><p>REITEN<\/p>\n<\/div><\/div><div class=\"wpb_text_column us_custom_eb849559\"><div class=\"wpb_wrapper\"><h3>Raidho Healing Horses<\/h3>\n<\/div><\/div><div class=\"w-separator size_small with_line width_30 thick_1 style_solid color_border align_center\"><div class=\"w-separator-h\"><\/div><\/div><div class=\"wpb_text_column us_custom_f908867c has_text_color\"><div class=\"wpb_wrapper\"><p><i class=\"far fa-info-circle\"><\/i> Nur 9 Minuten von Corte Alma entfernt<\/p>\n<\/div><\/div><div class=\"wpb_text_column us_custom_432d3f53\"><div class=\"wpb_wrapper\"><p>F\u00fcr gro\u00dfe und kleine Pferdeliebhaber gibt es eine Reitschule in der N\u00e4he. Erfahrene Reitlehrer begleiteten Sie bei Ihren Ausfl\u00fcgen auf dem Pferder\u00fccken durch unsere eindrucksvolle und atemberaubende Landschaft.<\/p>\n<\/div><\/div><div class=\"w-separator size_small\"><\/div><div class=\"w-btn-wrapper align_center\"><a class=\"w-btn us-btn-style_1\" target=\"_blank\" rel=\"nofollow\" href=\"https:\/\/www.raidhohealinghorses.com\/\"><span class=\"w-btn-label\">Gehen Sie zur Website<\/span><\/a><\/div><\/div><\/div><div class=\"wpb_column vc_column_container us_custom_d672fd68 has_bg_color stretched\"><div class=\"vc_column-inner\"><\/div><\/div><\/div><\/div><\/section><section class=\"l-section wpb_row us_custom_60e9caca us_animate_this height_small\"><div class=\"l-section-h i-cf\"><div class=\"g-cols vc_row via_grid cols_2-1 laptops-cols_inherit tablets-cols_inherit mobiles-cols_1 valign_middle type_default stacking_default\"><div class=\"wpb_column vc_column_container us_custom_62735949 has_bg_color stretched\"><div class=\"vc_column-inner\"><\/div><\/div><div class=\"wpb_column vc_column_container\"><div class=\"vc_column-inner\"><div class=\"wpb_text_column us_custom_1f4a5026\"><div class=\"wpb_wrapper\"><p>E-BIKE VERLEIH<\/p>\n<\/div><\/div><div class=\"wpb_text_column us_custom_eb849559\"><div class=\"wpb_wrapper\"><h3>Noleggio E-Bike Gargnano<\/h3>\n<\/div><\/div><div class=\"w-separator size_small with_line width_30 thick_1 style_solid color_border align_center\"><div class=\"w-separator-h\"><\/div><\/div><div class=\"wpb_text_column us_custom_f908867c has_text_color\"><div class=\"wpb_wrapper\"><p><i class=\"far fa-info-circle\"><\/i> Nur 1 Minute von Corte Alma entfernt<\/p>\n<\/div><\/div><div class=\"wpb_text_column us_custom_432d3f53\"><div class=\"wpb_wrapper\"><p>Mit E-Bikes der neuesten Genereation l\u00e4sst sich die Umgebung bequem erkunden: Entdecken Sie die romantischen D\u00f6rfer, herrlichen Ufer und das bergige Hinterland stressfrei und ohne sich verausgaben zu m\u00fcssen. Einen E-Bike-Verleih finden Sie ganz in der N\u00e4he.<\/p>\n<\/div><\/div><div class=\"w-separator size_small\"><\/div><div class=\"w-btn-wrapper align_center\"><a class=\"w-btn us-btn-style_1\" target=\"_blank\" rel=\"nofollow\" href=\"http:\/\/www.autolavaggioebike.com\/\"><span class=\"w-btn-label\">Gehen Sie zur Website<\/span><\/a><\/div><\/div><\/div><\/div><\/div><\/section><section class=\"l-section wpb_row us_custom_60e9caca us_animate_this height_small\"><div class=\"l-section-h i-cf\"><div class=\"g-cols vc_row via_grid cols_1-2 laptops-cols_inherit tablets-cols_inherit mobiles-cols_1 valign_middle type_default reversed stacking_default\"><div class=\"wpb_column vc_column_container\"><div class=\"vc_column-inner\"><div class=\"wpb_text_column us_custom_1f4a5026\"><div class=\"wpb_wrapper\"><p>UM HERUM&#8230;<\/p>\n<\/div><\/div><div class=\"wpb_text_column us_custom_eb849559\"><div class=\"wpb_wrapper\"><h3>Hinterland und Ausfl\u00fcge<\/h3>\n<\/div><\/div><div class=\"w-separator size_small with_line width_30 thick_1 style_solid color_border align_center\"><div class=\"w-separator-h\"><\/div><\/div><div class=\"wpb_text_column us_custom_432d3f53\"><div class=\"wpb_wrapper\"><p>Corte Alma ist der Ausgangspunkt f\u00fcr unz\u00e4hlige Wanderwege. Erkunden Sie auf einsamen Wanderwegen und Klettersteigen eine faszinierende Natur und atemberaubende Ausblicke auf den Gardasee.<\/p>\n<p>Seite des Gardasees: Italiens \u00e4lteste D\u00f6rfer und Siedlungen, landestypische Sehensw\u00fcrdigkeiten wie die historischen und herrlich duftenden Gew\u00e4chsh\u00e4user f\u00fcr Zitrusfr\u00fcchte, historische Kirchen und H\u00e4user ber\u00fchmter Pers\u00f6nlichkeiten wie on D. H. Lawrence oder die historische Villa Feltrinelli.<\/p>\n<\/div><\/div><\/div><\/div><div class=\"wpb_column vc_column_container us_custom_24528a28 has_bg_color stretched\"><div class=\"vc_column-inner\"><\/div><\/div><\/div><\/div><\/section>\n","protected":false},"excerpt":{"rendered":"Freizeit Freizeit F\u00fcr jede Passion das passende Angebot Corte Alma ist der Ausgangspunkt f\u00fcr unz\u00e4hlige Wanderwege. Erkunden Sie auf einsamen Wanderwegen und Klettersteigen eine faszinierende Natur und atemberaubende Ausblicke auf den Gardasee. Seite des Gardasees: Italiens \u00e4lteste D\u00f6rfer und Siedlungen, landestypische Sehensw\u00fcrdigkeiten wie die historischen und herrlich duftenden Gew\u00e4chsh\u00e4user f\u00fcr Zitrusfr\u00fcchte, historische Kirchen und H\u00e4user...","protected":false},"author":1,"featured_media":0,"parent":0,"menu_order":0,"comment_status":"closed","ping_status":"closed","template":"","meta":{"inline_featured_image":false,"footnotes":""},"class_list":["post-1031","page","type-page","status-publish","hentry"],"yoast_head":"<!-- This site is optimized with the Yoast SEO plugin v27.5 - https:\/\/yoast.com\/product\/yoast-seo-wordpress\/ -->\n<title>Corte Alma Spa and Luxury Home \u2013 Freizeit<\/title>\n<meta name=\"description\" content=\"Gem\u00fctliches Bed &amp; Breakfast mit Spa, nur einen Steinwurf vom fantastischen Gardasee entfernt, 6 Schlafzimmer, Sauna, T\u00fcrkisches Bad und Mini-Whirlpool\" \/>\n<meta name=\"robots\" content=\"index, follow, max-snippet:-1, max-image-preview:large, max-video-preview:-1\" \/>\n<link rel=\"canonical\" href=\"https:\/\/www.cortealma.com\/de\/freizeit\/\" \/>\n<meta property=\"og:locale\" content=\"de_DE\" \/>\n<meta property=\"og:type\" content=\"article\" \/>\n<meta property=\"og:title\" content=\"Corte Alma Spa and Luxury Home \u2013 Freizeit\" \/>\n<meta property=\"og:description\" content=\"Gem\u00fctliches Bed &amp; Breakfast mit Spa, nur einen Steinwurf vom fantastischen Gardasee entfernt, 6 Schlafzimmer, Sauna, T\u00fcrkisches Bad und Mini-Whirlpool\" \/>\n<meta property=\"og:url\" content=\"https:\/\/www.cortealma.com\/de\/freizeit\/\" \/>\n<meta property=\"og:site_name\" content=\"Corte Alma\" \/>\n<meta property=\"article:publisher\" content=\"https:\/\/www.facebook.com\/corte.alma\" \/>\n<meta property=\"article:modified_time\" content=\"2024-03-15T08:33:40+00:00\" \/>\n<meta name=\"twitter:card\" content=\"summary_large_image\" \/>\n<meta name=\"twitter:label1\" content=\"Gesch\u00e4tzte Lesezeit\" \/>\n\t<meta name=\"twitter:data1\" content=\"3\u00a0Minuten\" \/>\n<script type=\"application\/ld+json\" class=\"yoast-schema-graph\">{\"@context\":\"https:\\\/\\\/schema.org\",\"@graph\":[{\"@type\":\"WebPage\",\"@id\":\"https:\\\/\\\/www.cortealma.com\\\/de\\\/freizeit\\\/\",\"url\":\"https:\\\/\\\/www.cortealma.com\\\/de\\\/freizeit\\\/\",\"name\":\"Corte Alma Spa and Luxury Home \u2013 Freizeit\",\"isPartOf\":{\"@id\":\"https:\\\/\\\/www.cortealma.com\\\/#website\"},\"datePublished\":\"2022-01-27T16:51:44+00:00\",\"dateModified\":\"2024-03-15T08:33:40+00:00\",\"description\":\"Gem\u00fctliches Bed & Breakfast mit Spa, nur einen Steinwurf vom fantastischen Gardasee entfernt, 6 Schlafzimmer, Sauna, T\u00fcrkisches Bad und Mini-Whirlpool\",\"breadcrumb\":{\"@id\":\"https:\\\/\\\/www.cortealma.com\\\/de\\\/freizeit\\\/#breadcrumb\"},\"inLanguage\":\"de\",\"potentialAction\":[{\"@type\":\"ReadAction\",\"target\":[\"https:\\\/\\\/www.cortealma.com\\\/de\\\/freizeit\\\/\"]}]},{\"@type\":\"BreadcrumbList\",\"@id\":\"https:\\\/\\\/www.cortealma.com\\\/de\\\/freizeit\\\/#breadcrumb\",\"itemListElement\":[{\"@type\":\"ListItem\",\"position\":1,\"name\":\"Home\",\"item\":\"https:\\\/\\\/www.cortealma.com\\\/de\\\/\"},{\"@type\":\"ListItem\",\"position\":2,\"name\":\"Freizeit\"}]},{\"@type\":\"WebSite\",\"@id\":\"https:\\\/\\\/www.cortealma.com\\\/#website\",\"url\":\"https:\\\/\\\/www.cortealma.com\\\/\",\"name\":\"Corte Alma\",\"description\":\"Corte Alma Spa &amp; Luxury Home\",\"publisher\":{\"@id\":\"https:\\\/\\\/www.cortealma.com\\\/#organization\"},\"potentialAction\":[{\"@type\":\"SearchAction\",\"target\":{\"@type\":\"EntryPoint\",\"urlTemplate\":\"https:\\\/\\\/www.cortealma.com\\\/?s={search_term_string}\"},\"query-input\":{\"@type\":\"PropertyValueSpecification\",\"valueRequired\":true,\"valueName\":\"search_term_string\"}}],\"inLanguage\":\"de\"},{\"@type\":\"Organization\",\"@id\":\"https:\\\/\\\/www.cortealma.com\\\/#organization\",\"name\":\"Corte Alma Spa & Luxury Home\",\"url\":\"https:\\\/\\\/www.cortealma.com\\\/\",\"logo\":{\"@type\":\"ImageObject\",\"inLanguage\":\"de\",\"@id\":\"https:\\\/\\\/www.cortealma.com\\\/#\\\/schema\\\/logo\\\/image\\\/\",\"url\":\"https:\\\/\\\/www.cortealma.com\\\/wp-content\\\/uploads\\\/2022\\\/01\\\/logo-header.svg\",\"contentUrl\":\"https:\\\/\\\/www.cortealma.com\\\/wp-content\\\/uploads\\\/2022\\\/01\\\/logo-header.svg\",\"width\":299,\"height\":299,\"caption\":\"Corte Alma Spa & Luxury Home\"},\"image\":{\"@id\":\"https:\\\/\\\/www.cortealma.com\\\/#\\\/schema\\\/logo\\\/image\\\/\"},\"sameAs\":[\"https:\\\/\\\/www.facebook.com\\\/corte.alma\",\"https:\\\/\\\/www.instagram.com\\\/bbcortealmaspa\\\/\",\"https:\\\/\\\/www.youtube.com\\\/channel\\\/UCDYnMKODVoQwDHSAR6f4_ow\"]}]}<\/script>\n<!-- \/ Yoast SEO plugin. -->","yoast_head_json":{"title":"Corte Alma Spa and Luxury Home \u2013 Freizeit","description":"Gem\u00fctliches Bed & Breakfast mit Spa, nur einen Steinwurf vom fantastischen Gardasee entfernt, 6 Schlafzimmer, Sauna, T\u00fcrkisches Bad und Mini-Whirlpool","robots":{"index":"index","follow":"follow","max-snippet":"max-snippet:-1","max-image-preview":"max-image-preview:large","max-video-preview":"max-video-preview:-1"},"canonical":"https:\/\/www.cortealma.com\/de\/freizeit\/","og_locale":"de_DE","og_type":"article","og_title":"Corte Alma Spa and Luxury Home \u2013 Freizeit","og_description":"Gem\u00fctliches Bed & Breakfast mit Spa, nur einen Steinwurf vom fantastischen Gardasee entfernt, 6 Schlafzimmer, Sauna, T\u00fcrkisches Bad und Mini-Whirlpool","og_url":"https:\/\/www.cortealma.com\/de\/freizeit\/","og_site_name":"Corte Alma","article_publisher":"https:\/\/www.facebook.com\/corte.alma","article_modified_time":"2024-03-15T08:33:40+00:00","twitter_card":"summary_large_image","twitter_misc":{"Gesch\u00e4tzte Lesezeit":"3\u00a0Minuten"},"schema":{"@context":"https:\/\/schema.org","@graph":[{"@type":"WebPage","@id":"https:\/\/www.cortealma.com\/de\/freizeit\/","url":"https:\/\/www.cortealma.com\/de\/freizeit\/","name":"Corte Alma Spa and Luxury Home \u2013 Freizeit","isPartOf":{"@id":"https:\/\/www.cortealma.com\/#website"},"datePublished":"2022-01-27T16:51:44+00:00","dateModified":"2024-03-15T08:33:40+00:00","description":"Gem\u00fctliches Bed & Breakfast mit Spa, nur einen Steinwurf vom fantastischen Gardasee entfernt, 6 Schlafzimmer, Sauna, T\u00fcrkisches Bad und Mini-Whirlpool","breadcrumb":{"@id":"https:\/\/www.cortealma.com\/de\/freizeit\/#breadcrumb"},"inLanguage":"de","potentialAction":[{"@type":"ReadAction","target":["https:\/\/www.cortealma.com\/de\/freizeit\/"]}]},{"@type":"BreadcrumbList","@id":"https:\/\/www.cortealma.com\/de\/freizeit\/#breadcrumb","itemListElement":[{"@type":"ListItem","position":1,"name":"Home","item":"https:\/\/www.cortealma.com\/de\/"},{"@type":"ListItem","position":2,"name":"Freizeit"}]},{"@type":"WebSite","@id":"https:\/\/www.cortealma.com\/#website","url":"https:\/\/www.cortealma.com\/","name":"Corte Alma","description":"Corte Alma Spa &amp; Luxury Home","publisher":{"@id":"https:\/\/www.cortealma.com\/#organization"},"potentialAction":[{"@type":"SearchAction","target":{"@type":"EntryPoint","urlTemplate":"https:\/\/www.cortealma.com\/?s={search_term_string}"},"query-input":{"@type":"PropertyValueSpecification","valueRequired":true,"valueName":"search_term_string"}}],"inLanguage":"de"},{"@type":"Organization","@id":"https:\/\/www.cortealma.com\/#organization","name":"Corte Alma Spa & Luxury Home","url":"https:\/\/www.cortealma.com\/","logo":{"@type":"ImageObject","inLanguage":"de","@id":"https:\/\/www.cortealma.com\/#\/schema\/logo\/image\/","url":"https:\/\/www.cortealma.com\/wp-content\/uploads\/2022\/01\/logo-header.svg","contentUrl":"https:\/\/www.cortealma.com\/wp-content\/uploads\/2022\/01\/logo-header.svg","width":299,"height":299,"caption":"Corte Alma Spa & Luxury Home"},"image":{"@id":"https:\/\/www.cortealma.com\/#\/schema\/logo\/image\/"},"sameAs":["https:\/\/www.facebook.com\/corte.alma","https:\/\/www.instagram.com\/bbcortealmaspa\/","https:\/\/www.youtube.com\/channel\/UCDYnMKODVoQwDHSAR6f4_ow"]}]}},"_links":{"self":[{"href":"https:\/\/www.cortealma.com\/de\/wp-json\/wp\/v2\/pages\/1031","targetHints":{"allow":["GET"]}}],"collection":[{"href":"https:\/\/www.cortealma.com\/de\/wp-json\/wp\/v2\/pages"}],"about":[{"href":"https:\/\/www.cortealma.com\/de\/wp-json\/wp\/v2\/types\/page"}],"author":[{"embeddable":true,"href":"https:\/\/www.cortealma.com\/de\/wp-json\/wp\/v2\/users\/1"}],"replies":[{"embeddable":true,"href":"https:\/\/www.cortealma.com\/de\/wp-json\/wp\/v2\/comments?post=1031"}],"version-history":[{"count":4,"href":"https:\/\/www.cortealma.com\/de\/wp-json\/wp\/v2\/pages\/1031\/revisions"}],"predecessor-version":[{"id":1197,"href":"https:\/\/www.cortealma.com\/de\/wp-json\/wp\/v2\/pages\/1031\/revisions\/1197"}],"wp:attachment":[{"href":"https:\/\/www.cortealma.com\/de\/wp-json\/wp\/v2\/media?parent=1031"}],"curies":[{"name":"wp","href":"https:\/\/api.w.org\/{rel}","templated":true}]}}