{"id":1039,"date":"2022-01-20T15:26:00","date_gmt":"2022-01-20T14:26:00","guid":{"rendered":"http:\/\/www.cortealma.com\/wellness\/"},"modified":"2023-03-09T10:51:16","modified_gmt":"2023-03-09T09:51:16","slug":"wellness","status":"publish","type":"page","link":"https:\/\/www.cortealma.com\/de\/wellness\/","title":{"rendered":"Wellness"},"content":{"rendered":"<section class=\"l-section wpb_row us_custom_53156a53 height_auto\"><div class=\"l-section-h i-cf\"><div class=\"g-cols vc_row via_grid cols_1 laptops-cols_inherit tablets-cols_inherit mobiles-cols_1 valign_top type_default stacking_default\"><div class=\"wpb_column vc_column_container\"><div class=\"vc_column-inner\"><div class=\"w-image us_custom_fbbe60b2 i300 us_animate_this align_none\"><div class=\"w-image-h\"><img decoding=\"async\" width=\"264\" height=\"264\" src=\"https:\/\/www.cortealma.com\/wp-content\/uploads\/2022\/01\/logobianco.svg\" class=\"attachment-full size-full\" alt=\"\" loading=\"lazy\" \/><\/div><\/div><\/div><\/div><\/div><\/div><\/section><section class=\"l-section wpb_row us_custom_af7fd6bd height_medium full_height valign_bottom with_img parallax_ver\"><div class=\"l-section-img\" role=\"img\" data-img-width=\"1920\" data-img-height=\"1281\" style=\"background-image: url(https:\/\/www.cortealma.com\/wp-content\/uploads\/2022\/01\/OND07484_edit.jpg);background-repeat: no-repeat;\"><\/div><div class=\"l-section-overlay\" style=\"background:linear-gradient(35deg,rgba(0,0,0,0.50),rgba(0,0,0,0.00))\"><\/div><div class=\"l-section-h i-cf\"><div class=\"g-cols vc_row via_grid cols_1 laptops-cols_inherit tablets-cols_inherit mobiles-cols_1 valign_top type_default stacking_default\"><div class=\"wpb_column vc_column_container\"><div class=\"vc_column-inner\"><div class=\"wpb_text_column us_custom_8e2260a3 has_text_color us_animate_this\"><div class=\"wpb_wrapper\"><p>WELLNESS<\/p>\n<\/div><\/div><div class=\"w-separator size_small with_line width_30 thick_1 style_solid color_border align_right\"><div class=\"w-separator-h\"><\/div><\/div><\/div><\/div><\/div><\/div><\/section><section class=\"l-section wpb_row us_custom_2349630d height_small with_shape\"><div class=\"l-section-shape type_wave pos_bottom\" style=\"height:15vmin;\"><svg xmlns=\"http:\/\/www.w3.org\/2000\/svg\" viewBox=\"0 4 64 4\" preserveAspectRatio=\"none\" width=\"100%\" height=\"100%\">\r\n\t<path fill=\"currentColor\" d=\"M64 6 C32 0 32 12 0 6 L0 8 L64 8 Z\"\/>\r\n<\/svg><\/div><div class=\"l-section-h i-cf\"><div class=\"g-cols vc_row via_grid cols_1 laptops-cols_inherit tablets-cols_inherit mobiles-cols_1 valign_top type_default stacking_default\"><div class=\"wpb_column vc_column_container\"><div class=\"vc_column-inner\"><div class=\"wpb_text_column us_custom_60e9caca us_animate_this\"><div class=\"wpb_wrapper\"><h1>Spa und Wellness<\/h1>\n<\/div><\/div><div class=\"wpb_text_column us_custom_60e9caca us_animate_this\"><div class=\"wpb_wrapper\"><h2>Finnische Sauna, T\u00fcrkisches Bad und Whirlpool<\/h2>\n<\/div><\/div><div class=\"w-separator size_medium\"><\/div><div class=\"g-cols wpb_row via_grid cols_1-5 laptops-cols_inherit tablets-cols_inherit mobiles-cols_1 valign_top type_default stacking_default\" style=\"--columns-gap:3rem;\"><div class=\"wpb_column vc_column_container\"><div class=\"vc_column-inner\"><\/div><\/div><div class=\"wpb_column vc_column_container\"><div class=\"vc_column-inner\"><div class=\"wpb_text_column us_custom_5f227dd8\"><div class=\"wpb_wrapper\"><p>Genie\u00dfen Sie im Spa-Bereich in unserer Gartenoase eine ganz besondere Atmosph\u00e4re, in der Sie sich entspannen und den Alltagsstress vergessen k\u00f6nnen.<\/p>\n<p><i class=\"fas fa-shield-check oro\"><\/i> <strong>Durch Ozon O3 hygienisierte Umgebungen<\/strong><\/p>\n<\/div><\/div><div class=\"w-separator size_medium\"><\/div><\/div><\/div><\/div><div class=\"w-separator size_huge\"><\/div><\/div><\/div><\/div><\/div><\/section><section class=\"l-section wpb_row us_custom_f89a0b0f height_auto\"><div class=\"l-section-h i-cf\"><div class=\"g-cols vc_row via_grid cols_1 laptops-cols_inherit tablets-cols_inherit mobiles-cols_1 valign_top type_default stacking_default\"><div class=\"wpb_column vc_column_container us_custom_ff13c409 us_animate_this\"><div class=\"vc_column-inner\"><div class=\"w-image us_custom_d41b5e67 i100 align_right\"><div class=\"w-image-h\"><img decoding=\"async\" width=\"118\" height=\"92\" src=\"https:\/\/www.cortealma.com\/wp-content\/uploads\/2022\/01\/fogliah3.svg\" class=\"attachment-full size-full\" alt=\"\" loading=\"lazy\" \/><\/div><\/div><div class=\"wpb_text_column us_custom_f03ee871 foglia-dx\"><div class=\"wpb_wrapper\"><h3>Finnische Sauna und T\u00fcrkisches Bad<\/h3>\n<\/div><\/div><div class=\"w-separator size_custom with_line width_30 thick_2 style_solid color_text align_right\" style=\"height:10px\"><div class=\"w-separator-h\"><\/div><\/div><\/div><\/div><\/div><\/div><\/section><section class=\"l-section wpb_row height_medium\"><div class=\"l-section-h i-cf\"><div class=\"g-cols vc_row via_grid cols_1 laptops-cols_inherit tablets-cols_inherit mobiles-cols_1 valign_top type_default stacking_default\"><div class=\"wpb_column vc_column_container\"><div class=\"vc_column-inner\">[vc_raw_html css=&#8220;%7B%22default%22%3A%7B%22margin-top%22%3A%2230px%22%2C%22animation-name%22%3A%22wfc%22%7D%7D&#8220;]W21vZHVsYSBpZD0iNDY5Il0=[\/vc_raw_html]<div class=\"w-separator size_medium\"><\/div><div class=\"g-cols wpb_row via_grid cols_1-4-1 laptops-cols_inherit tablets-cols_inherit mobiles-cols_1 valign_top type_default stacking_default\" style=\"--columns-gap:3rem;\"><div class=\"wpb_column vc_column_container\"><div class=\"vc_column-inner\"><\/div><\/div><div class=\"wpb_column vc_column_container\"><div class=\"vc_column-inner\"><div class=\"wpb_text_column us_custom_432d3f53\"><div class=\"wpb_wrapper\"><p>Im Innenbereich laden eine finnische Sauna sowie ein t\u00fcrkisches Aroma-Bad zum Relaxen in privater Umgebung ein. Oder entspannen Sie in unserem Mini-Whirlpool im angrenzenden idyllischen Garten bei einer angenehmen Hydromassage.<\/p>\n<\/div><\/div><\/div><\/div><div class=\"wpb_column vc_column_container\"><div class=\"vc_column-inner\"><\/div><\/div><\/div><\/div><\/div><\/div><\/div><\/section><section class=\"l-section wpb_row us_custom_8e841583 height_auto with_shape\"><div class=\"l-section-shape type_wave pos_top hor_flip\" style=\"height:15vmin;\"><svg xmlns=\"http:\/\/www.w3.org\/2000\/svg\" viewBox=\"0 4 64 4\" preserveAspectRatio=\"none\" width=\"100%\" height=\"100%\">\r\n\t<path fill=\"currentColor\" d=\"M64 6 C32 0 32 12 0 6 L0 8 L64 8 Z\"\/>\r\n<\/svg><\/div><div class=\"l-section-h i-cf\"><div class=\"g-cols vc_row via_grid cols_1 laptops-cols_inherit tablets-cols_inherit mobiles-cols_1 valign_top type_default stacking_default\"><div class=\"wpb_column vc_column_container us_custom_ff13c409 us_animate_this\"><div class=\"vc_column-inner\"><div class=\"w-separator size_huge\"><\/div><div class=\"w-image us_custom_d41b5e67 i100 align_right\"><div class=\"w-image-h\"><img decoding=\"async\" width=\"118\" height=\"92\" src=\"https:\/\/www.cortealma.com\/wp-content\/uploads\/2022\/01\/fogliah3.svg\" class=\"attachment-full size-full\" alt=\"\" loading=\"lazy\" \/><\/div><\/div><div class=\"wpb_text_column us_custom_f03ee871 foglia-dx\"><div class=\"wpb_wrapper\"><h3>Beheizter Whirlpool und Liegewiese<\/h3>\n<\/div><\/div><div class=\"w-separator size_custom with_line width_30 thick_2 style_solid color_text align_right\" style=\"height:10px\"><div class=\"w-separator-h\"><\/div><\/div><\/div><\/div><\/div><\/div><\/section><section class=\"l-section wpb_row us_custom_2349630d height_medium\"><div class=\"l-section-h i-cf\"><div class=\"g-cols vc_row via_grid cols_1 laptops-cols_inherit tablets-cols_inherit mobiles-cols_1 valign_top type_default stacking_default\"><div class=\"wpb_column vc_column_container\"><div class=\"vc_column-inner\">[vc_raw_html css=&#8220;%7B%22default%22%3A%7B%22margin-top%22%3A%2230px%22%2C%22animation-name%22%3A%22wfc%22%7D%7D&#8220;]W21vZHVsYSBpZD0iNDcxIl0=[\/vc_raw_html]<div class=\"w-separator size_medium\"><\/div><div class=\"g-cols wpb_row via_grid cols_1-4-1 laptops-cols_inherit tablets-cols_inherit mobiles-cols_1 valign_top type_default stacking_default\" style=\"--columns-gap:3rem;\"><div class=\"wpb_column vc_column_container\"><div class=\"vc_column-inner\"><\/div><\/div><div class=\"wpb_column vc_column_container\"><div class=\"vc_column-inner\"><div class=\"wpb_text_column us_custom_432d3f53\"><div class=\"wpb_wrapper\"><p>Der Bereich ist mit einer Erlebnisdusche, Sonnenliegen, Tischen, Sonnenschirm und Badet\u00fcchern ausgestattet. Kostenlos erh\u00e4ltlich f\u00fcr G\u00e4ste, Kr\u00e4utertees und kleine Snacks.<\/p>\n<\/div><\/div><div class=\"w-separator size_small\"><\/div><div class=\"w-popup w-btn-wrapper align_none\"><button aria-label=\"Schau das Video\" class=\"w-popup-trigger type_btn w-btn us-btn-style_1 icon_atleft\"><i class=\"far fa-video\"><\/i><span class=\"w-btn-label\">Schau das Video<\/span><\/button><div class=\"w-popup-overlay\" style=\"background:rgba(0,0,0,0.85);\"><\/div><div class=\"w-popup-wrap layout_default\" style=\"--title-color:var(--color-content-heading);--title-bg-color:var(--color-content-bg-alt);--content-color:var(--color-content-text);--content-bg-color:var(--color-content-bg);--popup-width:900px;--popup-padding:0%;\"><div class=\"w-popup-box animation_fadeIn closerpos_outside without_title\"><div class=\"w-popup-box-h\"><div class=\"w-popup-box-content\"><section class=\"l-section wpb_row height_auto width_full\"><div class=\"l-section-h i-cf\"><div class=\"g-cols vc_row via_grid cols_1 laptops-cols_inherit tablets-cols_inherit mobiles-cols_1 valign_top type_default stacking_default\"><div class=\"wpb_column vc_column_container\"><div class=\"vc_column-inner\"><div class=\"w-video align_none ratio_16x9 has_iframe\"><div class=\"w-video-h\"><iframe title=\"Youtube video player\" src=\"\" data-src=\"\/\/www.youtube.com\/embed\/DqQxib1owp8?autoplay=0&controls=1&origin=https:\/\/www.cortealma.com\/de\/&loop=0&mute=0\" allowfullscreen=\"1\" loading=\"lazy\"><\/iframe><\/div><div class=\"w-video-icon\" style=\"font-size:1.5rem;background:rgba(0,0,0,0.5);color:#fff\"><\/div><\/div><\/div><\/div><\/div><\/div><\/section>\n<\/div><\/div><\/div><div class=\"w-popup-closer\"><\/div><\/div><\/div><\/div><\/div><div class=\"wpb_column vc_column_container\"><div class=\"vc_column-inner\"><\/div><\/div><\/div><div class=\"w-separator size_medium\"><\/div><\/div><\/div><\/div><\/div><\/section>\n","protected":false},"excerpt":{"rendered":"WELLNESS Spa und Wellness Finnische Sauna, T\u00fcrkisches Bad und Whirlpool Genie\u00dfen Sie im Spa-Bereich in unserer Gartenoase eine ganz besondere Atmosph\u00e4re, in der Sie sich entspannen und den Alltagsstress vergessen k\u00f6nnen. Durch Ozon O3 hygienisierte Umgebungen Finnische Sauna und T\u00fcrkisches Bad [vc_raw_html css=\"%7B%22default%22%3A%7B%22margin-top%22%3A%2230px%22%2C%22animation-name%22%3A%22wfc%22%7D%7D\"]W21vZHVsYSBpZD0iNDY5Il0=[\/vc_raw_html]Im Innenbereich laden eine finnische Sauna sowie ein t\u00fcrkisches Aroma-Bad zum Relaxen in...","protected":false},"author":1,"featured_media":0,"parent":0,"menu_order":0,"comment_status":"closed","ping_status":"closed","template":"","meta":{"inline_featured_image":false,"footnotes":""},"class_list":["post-1039","page","type-page","status-publish","hentry"],"yoast_head":"<!-- This site is optimized with the Yoast SEO plugin v27.5 - https:\/\/yoast.com\/product\/yoast-seo-wordpress\/ -->\n<title>Corte Alma Spa and Luxury Home \u2013 Wellness Gardasee<\/title>\n<meta name=\"description\" content=\"Gem\u00fctliches Bed &amp; Breakfast mit Spa, nur einen Steinwurf vom fantastischen Gardasee entfernt, 6 Schlafzimmer, Sauna, T\u00fcrkisches Bad und Mini-Whirlpool\" \/>\n<meta name=\"robots\" content=\"index, follow, max-snippet:-1, max-image-preview:large, max-video-preview:-1\" \/>\n<link rel=\"canonical\" href=\"https:\/\/www.cortealma.com\/de\/wellness\/\" \/>\n<meta property=\"og:locale\" content=\"de_DE\" \/>\n<meta property=\"og:type\" content=\"article\" \/>\n<meta property=\"og:title\" content=\"Corte Alma Spa and Luxury Home \u2013 Wellness Gardasee\" \/>\n<meta property=\"og:description\" content=\"Gem\u00fctliches Bed &amp; Breakfast mit Spa, nur einen Steinwurf vom fantastischen Gardasee entfernt, 6 Schlafzimmer, Sauna, T\u00fcrkisches Bad und Mini-Whirlpool\" \/>\n<meta property=\"og:url\" content=\"https:\/\/www.cortealma.com\/de\/wellness\/\" \/>\n<meta property=\"og:site_name\" content=\"Corte Alma\" \/>\n<meta property=\"article:publisher\" content=\"https:\/\/www.facebook.com\/corte.alma\" \/>\n<meta property=\"article:modified_time\" content=\"2023-03-09T09:51:16+00:00\" \/>\n<meta name=\"twitter:card\" content=\"summary_large_image\" \/>\n<meta name=\"twitter:label1\" content=\"Gesch\u00e4tzte Lesezeit\" \/>\n\t<meta name=\"twitter:data1\" content=\"2\u00a0Minuten\" \/>\n<script type=\"application\/ld+json\" class=\"yoast-schema-graph\">{\"@context\":\"https:\\\/\\\/schema.org\",\"@graph\":[{\"@type\":\"WebPage\",\"@id\":\"https:\\\/\\\/www.cortealma.com\\\/de\\\/wellness\\\/\",\"url\":\"https:\\\/\\\/www.cortealma.com\\\/de\\\/wellness\\\/\",\"name\":\"Corte Alma Spa and Luxury Home \u2013 Wellness Gardasee\",\"isPartOf\":{\"@id\":\"https:\\\/\\\/www.cortealma.com\\\/#website\"},\"datePublished\":\"2022-01-20T14:26:00+00:00\",\"dateModified\":\"2023-03-09T09:51:16+00:00\",\"description\":\"Gem\u00fctliches Bed & Breakfast mit Spa, nur einen Steinwurf vom fantastischen Gardasee entfernt, 6 Schlafzimmer, Sauna, T\u00fcrkisches Bad und Mini-Whirlpool\",\"breadcrumb\":{\"@id\":\"https:\\\/\\\/www.cortealma.com\\\/de\\\/wellness\\\/#breadcrumb\"},\"inLanguage\":\"de\",\"potentialAction\":[{\"@type\":\"ReadAction\",\"target\":[\"https:\\\/\\\/www.cortealma.com\\\/de\\\/wellness\\\/\"]}]},{\"@type\":\"BreadcrumbList\",\"@id\":\"https:\\\/\\\/www.cortealma.com\\\/de\\\/wellness\\\/#breadcrumb\",\"itemListElement\":[{\"@type\":\"ListItem\",\"position\":1,\"name\":\"Home\",\"item\":\"https:\\\/\\\/www.cortealma.com\\\/de\\\/\"},{\"@type\":\"ListItem\",\"position\":2,\"name\":\"Wellness\"}]},{\"@type\":\"WebSite\",\"@id\":\"https:\\\/\\\/www.cortealma.com\\\/#website\",\"url\":\"https:\\\/\\\/www.cortealma.com\\\/\",\"name\":\"Corte Alma\",\"description\":\"Corte Alma Spa &amp; Luxury Home\",\"publisher\":{\"@id\":\"https:\\\/\\\/www.cortealma.com\\\/#organization\"},\"potentialAction\":[{\"@type\":\"SearchAction\",\"target\":{\"@type\":\"EntryPoint\",\"urlTemplate\":\"https:\\\/\\\/www.cortealma.com\\\/?s={search_term_string}\"},\"query-input\":{\"@type\":\"PropertyValueSpecification\",\"valueRequired\":true,\"valueName\":\"search_term_string\"}}],\"inLanguage\":\"de\"},{\"@type\":\"Organization\",\"@id\":\"https:\\\/\\\/www.cortealma.com\\\/#organization\",\"name\":\"Corte Alma Spa & Luxury Home\",\"url\":\"https:\\\/\\\/www.cortealma.com\\\/\",\"logo\":{\"@type\":\"ImageObject\",\"inLanguage\":\"de\",\"@id\":\"https:\\\/\\\/www.cortealma.com\\\/#\\\/schema\\\/logo\\\/image\\\/\",\"url\":\"https:\\\/\\\/www.cortealma.com\\\/wp-content\\\/uploads\\\/2022\\\/01\\\/logo-header.svg\",\"contentUrl\":\"https:\\\/\\\/www.cortealma.com\\\/wp-content\\\/uploads\\\/2022\\\/01\\\/logo-header.svg\",\"width\":299,\"height\":299,\"caption\":\"Corte Alma Spa & Luxury Home\"},\"image\":{\"@id\":\"https:\\\/\\\/www.cortealma.com\\\/#\\\/schema\\\/logo\\\/image\\\/\"},\"sameAs\":[\"https:\\\/\\\/www.facebook.com\\\/corte.alma\",\"https:\\\/\\\/www.instagram.com\\\/bbcortealmaspa\\\/\",\"https:\\\/\\\/www.youtube.com\\\/channel\\\/UCDYnMKODVoQwDHSAR6f4_ow\"]}]}<\/script>\n<!-- \/ Yoast SEO plugin. -->","yoast_head_json":{"title":"Corte Alma Spa and Luxury Home \u2013 Wellness Gardasee","description":"Gem\u00fctliches Bed & Breakfast mit Spa, nur einen Steinwurf vom fantastischen Gardasee entfernt, 6 Schlafzimmer, Sauna, T\u00fcrkisches Bad und Mini-Whirlpool","robots":{"index":"index","follow":"follow","max-snippet":"max-snippet:-1","max-image-preview":"max-image-preview:large","max-video-preview":"max-video-preview:-1"},"canonical":"https:\/\/www.cortealma.com\/de\/wellness\/","og_locale":"de_DE","og_type":"article","og_title":"Corte Alma Spa and Luxury Home \u2013 Wellness Gardasee","og_description":"Gem\u00fctliches Bed & Breakfast mit Spa, nur einen Steinwurf vom fantastischen Gardasee entfernt, 6 Schlafzimmer, Sauna, T\u00fcrkisches Bad und Mini-Whirlpool","og_url":"https:\/\/www.cortealma.com\/de\/wellness\/","og_site_name":"Corte Alma","article_publisher":"https:\/\/www.facebook.com\/corte.alma","article_modified_time":"2023-03-09T09:51:16+00:00","twitter_card":"summary_large_image","twitter_misc":{"Gesch\u00e4tzte Lesezeit":"2\u00a0Minuten"},"schema":{"@context":"https:\/\/schema.org","@graph":[{"@type":"WebPage","@id":"https:\/\/www.cortealma.com\/de\/wellness\/","url":"https:\/\/www.cortealma.com\/de\/wellness\/","name":"Corte Alma Spa and Luxury Home \u2013 Wellness Gardasee","isPartOf":{"@id":"https:\/\/www.cortealma.com\/#website"},"datePublished":"2022-01-20T14:26:00+00:00","dateModified":"2023-03-09T09:51:16+00:00","description":"Gem\u00fctliches Bed & Breakfast mit Spa, nur einen Steinwurf vom fantastischen Gardasee entfernt, 6 Schlafzimmer, Sauna, T\u00fcrkisches Bad und Mini-Whirlpool","breadcrumb":{"@id":"https:\/\/www.cortealma.com\/de\/wellness\/#breadcrumb"},"inLanguage":"de","potentialAction":[{"@type":"ReadAction","target":["https:\/\/www.cortealma.com\/de\/wellness\/"]}]},{"@type":"BreadcrumbList","@id":"https:\/\/www.cortealma.com\/de\/wellness\/#breadcrumb","itemListElement":[{"@type":"ListItem","position":1,"name":"Home","item":"https:\/\/www.cortealma.com\/de\/"},{"@type":"ListItem","position":2,"name":"Wellness"}]},{"@type":"WebSite","@id":"https:\/\/www.cortealma.com\/#website","url":"https:\/\/www.cortealma.com\/","name":"Corte Alma","description":"Corte Alma Spa &amp; Luxury Home","publisher":{"@id":"https:\/\/www.cortealma.com\/#organization"},"potentialAction":[{"@type":"SearchAction","target":{"@type":"EntryPoint","urlTemplate":"https:\/\/www.cortealma.com\/?s={search_term_string}"},"query-input":{"@type":"PropertyValueSpecification","valueRequired":true,"valueName":"search_term_string"}}],"inLanguage":"de"},{"@type":"Organization","@id":"https:\/\/www.cortealma.com\/#organization","name":"Corte Alma Spa & Luxury Home","url":"https:\/\/www.cortealma.com\/","logo":{"@type":"ImageObject","inLanguage":"de","@id":"https:\/\/www.cortealma.com\/#\/schema\/logo\/image\/","url":"https:\/\/www.cortealma.com\/wp-content\/uploads\/2022\/01\/logo-header.svg","contentUrl":"https:\/\/www.cortealma.com\/wp-content\/uploads\/2022\/01\/logo-header.svg","width":299,"height":299,"caption":"Corte Alma Spa & Luxury Home"},"image":{"@id":"https:\/\/www.cortealma.com\/#\/schema\/logo\/image\/"},"sameAs":["https:\/\/www.facebook.com\/corte.alma","https:\/\/www.instagram.com\/bbcortealmaspa\/","https:\/\/www.youtube.com\/channel\/UCDYnMKODVoQwDHSAR6f4_ow"]}]}},"_links":{"self":[{"href":"https:\/\/www.cortealma.com\/de\/wp-json\/wp\/v2\/pages\/1039","targetHints":{"allow":["GET"]}}],"collection":[{"href":"https:\/\/www.cortealma.com\/de\/wp-json\/wp\/v2\/pages"}],"about":[{"href":"https:\/\/www.cortealma.com\/de\/wp-json\/wp\/v2\/types\/page"}],"author":[{"embeddable":true,"href":"https:\/\/www.cortealma.com\/de\/wp-json\/wp\/v2\/users\/1"}],"replies":[{"embeddable":true,"href":"https:\/\/www.cortealma.com\/de\/wp-json\/wp\/v2\/comments?post=1039"}],"version-history":[{"count":11,"href":"https:\/\/www.cortealma.com\/de\/wp-json\/wp\/v2\/pages\/1039\/revisions"}],"predecessor-version":[{"id":1193,"href":"https:\/\/www.cortealma.com\/de\/wp-json\/wp\/v2\/pages\/1039\/revisions\/1193"}],"wp:attachment":[{"href":"https:\/\/www.cortealma.com\/de\/wp-json\/wp\/v2\/media?parent=1039"}],"curies":[{"name":"wp","href":"https:\/\/api.w.org\/{rel}","templated":true}]}}