{"id":1091,"date":"2022-01-20T15:25:36","date_gmt":"2022-01-20T14:25:36","guid":{"rendered":"http:\/\/www.cortealma.com\/informationen-und-dienstleistungen\/"},"modified":"2025-03-10T09:39:41","modified_gmt":"2025-03-10T08:39:41","slug":"inklusivleistungen","status":"publish","type":"page","link":"https:\/\/www.cortealma.com\/de\/inklusivleistungen\/","title":{"rendered":"Inklusivleistungen"},"content":{"rendered":"<section class=\"l-section wpb_row us_custom_53156a53 height_auto\"><div class=\"l-section-h i-cf\"><div class=\"g-cols vc_row via_grid cols_1 laptops-cols_inherit tablets-cols_inherit mobiles-cols_1 valign_top type_default stacking_default\"><div class=\"wpb_column vc_column_container\"><div class=\"vc_column-inner\"><div class=\"w-image us_custom_fbbe60b2 i300 us_animate_this align_none\"><div class=\"w-image-h\"><img decoding=\"async\" width=\"264\" height=\"264\" src=\"https:\/\/www.cortealma.com\/wp-content\/uploads\/2022\/01\/logobianco.svg\" class=\"attachment-full size-full\" alt=\"\" loading=\"lazy\" \/><\/div><\/div><\/div><\/div><\/div><\/div><\/section><section class=\"l-section wpb_row us_custom_af7fd6bd height_medium full_height valign_bottom with_img parallax_ver\"><div class=\"l-section-img\" role=\"img\" data-img-width=\"1920\" data-img-height=\"1281\" style=\"background-image: url(https:\/\/www.cortealma.com\/wp-content\/uploads\/2022\/01\/OND07643_4_5_6_7_Enhancer.jpg);background-repeat: no-repeat;\"><\/div><div class=\"l-section-overlay\" style=\"background:linear-gradient(35deg,rgba(0,0,0,0.50),rgba(0,0,0,0.00))\"><\/div><div class=\"l-section-h i-cf\"><div class=\"g-cols vc_row via_grid cols_1 laptops-cols_inherit tablets-cols_inherit mobiles-cols_1 valign_top type_default stacking_default\"><div class=\"wpb_column vc_column_container\"><div class=\"vc_column-inner\"><div class=\"wpb_text_column us_custom_a1cddbb4 has_text_color us_animate_this\"><div class=\"wpb_wrapper\"><p>Inklusivleistungen<\/p>\n<\/div><\/div><div class=\"w-separator size_small with_line width_30 thick_1 style_solid color_border align_right\"><div class=\"w-separator-h\"><\/div><\/div><\/div><\/div><\/div><\/div><\/section><section class=\"l-section wpb_row us_custom_2349630d height_small with_shape\"><div class=\"l-section-shape type_wave pos_bottom\" style=\"height:15vmin;\"><svg xmlns=\"http:\/\/www.w3.org\/2000\/svg\" viewBox=\"0 4 64 4\" preserveAspectRatio=\"none\" width=\"100%\" height=\"100%\">\r\n\t<path fill=\"currentColor\" d=\"M64 6 C32 0 32 12 0 6 L0 8 L64 8 Z\"\/>\r\n<\/svg><\/div><div class=\"l-section-h i-cf\"><div class=\"g-cols vc_row via_grid cols_1 laptops-cols_inherit tablets-cols_inherit mobiles-cols_1 valign_top type_default stacking_default\"><div class=\"wpb_column vc_column_container\"><div class=\"vc_column-inner\"><div class=\"wpb_text_column us_custom_60e9caca us_animate_this\"><div class=\"wpb_wrapper\"><h1>Angebote Corte Alma<\/h1>\n<\/div><\/div><div class=\"wpb_text_column us_custom_60e9caca us_animate_this\"><div class=\"wpb_wrapper\"><h2>Nur auf dieser Seite im Zimmerpreis inbegriffen<\/h2>\n<\/div><\/div><div class=\"w-separator size_medium\"><\/div><div class=\"g-cols wpb_row via_grid cols_1-5 laptops-cols_inherit tablets-cols_inherit mobiles-cols_1 valign_top type_default stacking_default\" style=\"--columns-gap:3rem;\"><div class=\"wpb_column vc_column_container\"><div class=\"vc_column-inner\"><\/div><\/div><div class=\"wpb_column vc_column_container\"><div class=\"vc_column-inner\"><div class=\"wpb_text_column us_custom_839eece0\"><div class=\"wpb_wrapper\"><p><i class=\"fas fa-check-circle oro\"><\/i> Fr\u00fchst\u00fcck mit frischen Produkten<br \/>\n<i class=\"fas fa-check-circle oro\"><\/i> Nutzung des Whirlpools mit beheiztem Wasser<br \/>\n<i class=\"fas fa-check-circle oro\"><\/i> Zugang zum Solarium<br \/>\n<i class=\"fas fa-check-circle oro\"><\/i> <strong>Transfer mit Golf Car<\/strong><\/p>\n<p><i class=\"fas fa-check-circle oro\"><\/i> WLAN in der gesamten Anlage<br \/>\n<i class=\"fas fa-check-circle oro\"><\/i> Privatparkplatz 200 Meter entfernt<\/p>\n<\/div><\/div><div class=\"w-separator us_custom_c9b8b122 size_medium\"><\/div><\/div><\/div><\/div><div class=\"w-separator size_medium\"><\/div><div class=\"wpb_text_column us_custom_60e9caca us_animate_this\"><div class=\"wpb_wrapper\"><h2>Kostenpflichtige Leistungen<\/h2>\n<\/div><\/div><div class=\"w-separator size_medium\"><\/div><div class=\"g-cols wpb_row via_grid cols_1-5 laptops-cols_inherit tablets-cols_inherit mobiles-cols_1 valign_top type_default stacking_default\" style=\"--columns-gap:3rem;\"><div class=\"wpb_column vc_column_container\"><div class=\"vc_column-inner\"><\/div><\/div><div class=\"wpb_column vc_column_container\"><div class=\"vc_column-inner\"><div class=\"wpb_text_column us_custom_839eece0\"><div class=\"wpb_wrapper\"><p><i class=\"fas fa-check-circle oro\"><\/i><strong>Zugang zum Home-Spa<\/strong><\/p>\n<\/div><\/div><div class=\"w-separator us_custom_c9b8b122 size_medium\"><\/div><\/div><\/div><\/div><div class=\"w-separator size_huge\"><\/div><\/div><\/div><\/div><\/div><\/section><section class=\"l-section wpb_row us_custom_f89a0b0f height_auto\"><div class=\"l-section-h i-cf\"><div class=\"g-cols vc_row via_grid cols_1 laptops-cols_inherit tablets-cols_inherit mobiles-cols_1 valign_top type_default stacking_default\"><div class=\"wpb_column vc_column_container us_custom_ff13c409 us_animate_this\"><div class=\"vc_column-inner\"><div class=\"w-image us_custom_d41b5e67 i100 align_right\"><div class=\"w-image-h\"><img decoding=\"async\" width=\"118\" height=\"92\" src=\"https:\/\/www.cortealma.com\/wp-content\/uploads\/2022\/01\/fogliah3.svg\" class=\"attachment-full size-full\" alt=\"\" loading=\"lazy\" \/><\/div><\/div><div class=\"wpb_text_column us_custom_f03ee871 foglia-dx\"><div class=\"wpb_wrapper\"><h3>Fr\u00fchst\u00fcck mit frischen Produkten<\/h3>\n<\/div><\/div><div class=\"w-separator size_custom with_line width_30 thick_2 style_solid color_text align_right\" style=\"height:10px\"><div class=\"w-separator-h\"><\/div><\/div><\/div><\/div><\/div><\/div><\/section><section class=\"l-section wpb_row height_medium\"><div class=\"l-section-h i-cf\"><div class=\"g-cols vc_row via_grid cols_1 laptops-cols_inherit tablets-cols_inherit mobiles-cols_1 valign_top type_default stacking_default\"><div class=\"wpb_column vc_column_container\"><div class=\"vc_column-inner\">[vc_raw_html css=&#8220;%7B%22default%22%3A%7B%22margin-top%22%3A%2230px%22%2C%22animation-name%22%3A%22wfc%22%7D%7D&#8220;]W21vZHVsYSBpZD0iMzcwIl0=[\/vc_raw_html]<div class=\"w-separator size_medium\"><\/div><div class=\"g-cols wpb_row via_grid cols_1-4-1 laptops-cols_inherit tablets-cols_inherit mobiles-cols_1 valign_top type_default stacking_default\" style=\"--columns-gap:3rem;\"><div class=\"wpb_column vc_column_container\"><div class=\"vc_column-inner\"><\/div><\/div><div class=\"wpb_column vc_column_container\"><div class=\"vc_column-inner\"><div class=\"wpb_text_column us_custom_432d3f53\"><div class=\"wpb_wrapper\"><p>Unser reichhaltiges Fr\u00fchst\u00fcck wird zu Ihrem Wohlbefinden jeden Morgen mit frischen und hochwertigen Produkten zubereitet, sowohl s\u00fc\u00df als auch herzhaft, reich an Fr\u00fcchten und mit allen K\u00f6stlichkeiten, wobei Unvertr\u00e4glichkeiten besondere Ber\u00fccksichtigung finden.<\/p>\n<\/div><\/div><\/div><\/div><div class=\"wpb_column vc_column_container\"><div class=\"vc_column-inner\"><\/div><\/div><\/div><\/div><\/div><\/div><\/div><\/section><section class=\"l-section wpb_row us_custom_8e841583 height_auto with_shape\"><div class=\"l-section-shape type_wave pos_top hor_flip\" style=\"height:15vmin;\"><svg xmlns=\"http:\/\/www.w3.org\/2000\/svg\" viewBox=\"0 4 64 4\" preserveAspectRatio=\"none\" width=\"100%\" height=\"100%\">\r\n\t<path fill=\"currentColor\" d=\"M64 6 C32 0 32 12 0 6 L0 8 L64 8 Z\"\/>\r\n<\/svg><\/div><div class=\"l-section-h i-cf\"><div class=\"g-cols vc_row via_grid cols_1 laptops-cols_inherit tablets-cols_inherit mobiles-cols_1 valign_top type_default stacking_default\"><div class=\"wpb_column vc_column_container us_custom_ff13c409 us_animate_this\"><div class=\"vc_column-inner\"><div class=\"w-separator size_huge\"><\/div><div class=\"w-image us_custom_d41b5e67 i100 align_right\"><div class=\"w-image-h\"><img decoding=\"async\" width=\"118\" height=\"92\" src=\"https:\/\/www.cortealma.com\/wp-content\/uploads\/2022\/01\/fogliah3.svg\" class=\"attachment-full size-full\" alt=\"\" loading=\"lazy\" \/><\/div><\/div><div class=\"wpb_text_column us_custom_f03ee871 foglia-dx\"><div class=\"wpb_wrapper\"><h3>Wir bringen Sie zum Restaurant<\/h3>\n<\/div><\/div><div class=\"w-separator size_custom with_line width_30 thick_2 style_solid color_text align_right\" style=\"height:10px\"><div class=\"w-separator-h\"><\/div><\/div><\/div><\/div><\/div><\/div><\/section><section class=\"l-section wpb_row us_custom_2349630d height_small\"><div class=\"l-section-h i-cf\"><div class=\"g-cols vc_row via_grid cols_1-4-1 laptops-cols_inherit tablets-cols_inherit mobiles-cols_1 valign_top type_default stacking_default\"><div class=\"wpb_column vc_column_container\"><div class=\"vc_column-inner\"><\/div><\/div><div class=\"wpb_column vc_column_container\"><div class=\"vc_column-inner\"><div class=\"wpb_text_column\"><div class=\"wpb_wrapper\"><h5>Kostenloser Transfer mit dem Golf Car<\/h5>\n<\/div><\/div><div class=\"wpb_text_column us_custom_432d3f53\"><div class=\"wpb_wrapper\"><p>Unsere Anlage bietet ihren G\u00e4sten einen v\u00f6llig kostenlosen Transferservice mit elektrischem Golfwagen, der sie zum Restaurant, Strand und zu den Sehensw\u00fcrdigkeiten begleitet. Auf der Fahrt durch unser Gebiet k\u00f6nnen Sie die spektakul\u00e4re Aussicht auf und die wunderbaren Farben des Sees genie\u00dfen bei besonderem Augenmerk auf den Umweltschutz.<\/p>\n<\/div><\/div><div class=\"w-separator size_large\"><\/div><\/div><\/div><div class=\"wpb_column vc_column_container\"><div class=\"vc_column-inner\"><\/div><\/div><\/div><\/div><\/section><section class=\"l-section wpb_row us_custom_af7fd6bd height_auto width_full\"><div class=\"l-section-h i-cf\"><div class=\"g-cols vc_row via_grid cols_1-2 laptops-cols_inherit tablets-cols_inherit mobiles-cols_1 valign_bottom type_default stacking_default\" style=\"--columns-gap:20px;\"><div class=\"wpb_column vc_column_container us_custom_2164e437 has_bg_color\"><div class=\"vc_column-inner\"><\/div><\/div><div class=\"wpb_column vc_column_container us_custom_6dbbbc13 has_bg_color\"><div class=\"vc_column-inner\"><div class=\"wpb_text_column us_custom_9fa90148 has_text_color\"><div class=\"wpb_wrapper\"><p>ALLE ENTSPANNUNG<br \/>\nDU BRAUCHST<\/p>\n<\/div><\/div><div class=\"w-separator size_custom\" style=\"height:20px\"><\/div><div class=\"g-cols wpb_row via_grid cols_2-1 laptops-cols_inherit tablets-cols_inherit mobiles-cols_1 valign_top type_default stacking_default\" style=\"--columns-gap:3rem;\"><div class=\"wpb_column vc_column_container\"><div class=\"vc_column-inner\"><div class=\"wpb_text_column us_custom_f85ed541 has_text_color\"><div class=\"wpb_wrapper\"><p>Ein idealer Ort um Kraft zu tanken und den Alltagsstress vergessen.<\/p>\n<\/div><\/div><\/div><\/div><div class=\"wpb_column vc_column_container\"><div class=\"vc_column-inner\"><\/div><\/div><\/div><div class=\"w-separator size_custom\" style=\"height:20px\"><\/div><div class=\"w-btn-wrapper align_none\"><a class=\"w-btn us-btn-style_1\" title=\"Wellness\" href=\"http:\/\/www.cortealma.com\/de\/wellness\/\"><span class=\"w-btn-label\">wellness &amp; Spa<\/span><\/a><\/div><div class=\"w-separator size_small\"><\/div><\/div><\/div><\/div><\/div><\/section>\n","protected":false},"excerpt":{"rendered":"Inklusivleistungen Angebote Corte Alma Nur auf dieser Seite im Zimmerpreis inbegriffen Fr\u00fchst\u00fcck mit frischen Produkten Nutzung des Whirlpools mit beheiztem Wasser Zugang zum Solarium Transfer mit Golf Car WLAN in der gesamten Anlage Privatparkplatz 200 Meter entfernt Kostenpflichtige Leistungen Zugang zum Home-Spa Fr\u00fchst\u00fcck mit frischen Produkten [vc_raw_html css=\"%7B%22default%22%3A%7B%22margin-top%22%3A%2230px%22%2C%22animation-name%22%3A%22wfc%22%7D%7D\"]W21vZHVsYSBpZD0iMzcwIl0=[\/vc_raw_html]Unser reichhaltiges Fr\u00fchst\u00fcck wird zu Ihrem Wohlbefinden jeden...","protected":false},"author":1,"featured_media":0,"parent":0,"menu_order":0,"comment_status":"closed","ping_status":"closed","template":"","meta":{"inline_featured_image":false,"footnotes":""},"class_list":["post-1091","page","type-page","status-publish","hentry"],"yoast_head":"<!-- This site is optimized with the Yoast SEO plugin v27.5 - https:\/\/yoast.com\/product\/yoast-seo-wordpress\/ -->\n<title>Inklusivleistungen - Corte Alma<\/title>\n<meta name=\"description\" content=\"Gem\u00fctliches Bed &amp; Breakfast mit Spa, nur einen Steinwurf vom fantastischen Gardasee entfernt, 6 Schlafzimmer, Sauna, T\u00fcrkisches Bad und Mini-Whirlpool\" \/>\n<meta name=\"robots\" content=\"index, follow, max-snippet:-1, max-image-preview:large, max-video-preview:-1\" \/>\n<link rel=\"canonical\" href=\"https:\/\/www.cortealma.com\/de\/inklusivleistungen\/\" \/>\n<meta property=\"og:locale\" content=\"de_DE\" \/>\n<meta property=\"og:type\" content=\"article\" \/>\n<meta property=\"og:title\" content=\"Inklusivleistungen - Corte Alma\" \/>\n<meta property=\"og:description\" content=\"Gem\u00fctliches Bed &amp; Breakfast mit Spa, nur einen Steinwurf vom fantastischen Gardasee entfernt, 6 Schlafzimmer, Sauna, T\u00fcrkisches Bad und Mini-Whirlpool\" \/>\n<meta property=\"og:url\" content=\"https:\/\/www.cortealma.com\/de\/inklusivleistungen\/\" \/>\n<meta property=\"og:site_name\" content=\"Corte Alma\" \/>\n<meta property=\"article:publisher\" content=\"https:\/\/www.facebook.com\/corte.alma\" \/>\n<meta property=\"article:modified_time\" content=\"2025-03-10T08:39:41+00:00\" \/>\n<meta name=\"twitter:card\" content=\"summary_large_image\" \/>\n<meta name=\"twitter:label1\" content=\"Gesch\u00e4tzte Lesezeit\" \/>\n\t<meta name=\"twitter:data1\" content=\"3\u00a0Minuten\" \/>\n<script type=\"application\/ld+json\" class=\"yoast-schema-graph\">{\"@context\":\"https:\\\/\\\/schema.org\",\"@graph\":[{\"@type\":\"WebPage\",\"@id\":\"https:\\\/\\\/www.cortealma.com\\\/de\\\/inklusivleistungen\\\/\",\"url\":\"https:\\\/\\\/www.cortealma.com\\\/de\\\/inklusivleistungen\\\/\",\"name\":\"Inklusivleistungen - Corte Alma\",\"isPartOf\":{\"@id\":\"https:\\\/\\\/www.cortealma.com\\\/#website\"},\"datePublished\":\"2022-01-20T14:25:36+00:00\",\"dateModified\":\"2025-03-10T08:39:41+00:00\",\"description\":\"Gem\u00fctliches Bed & Breakfast mit Spa, nur einen Steinwurf vom fantastischen Gardasee entfernt, 6 Schlafzimmer, Sauna, T\u00fcrkisches Bad und Mini-Whirlpool\",\"breadcrumb\":{\"@id\":\"https:\\\/\\\/www.cortealma.com\\\/de\\\/inklusivleistungen\\\/#breadcrumb\"},\"inLanguage\":\"de\",\"potentialAction\":[{\"@type\":\"ReadAction\",\"target\":[\"https:\\\/\\\/www.cortealma.com\\\/de\\\/inklusivleistungen\\\/\"]}]},{\"@type\":\"BreadcrumbList\",\"@id\":\"https:\\\/\\\/www.cortealma.com\\\/de\\\/inklusivleistungen\\\/#breadcrumb\",\"itemListElement\":[{\"@type\":\"ListItem\",\"position\":1,\"name\":\"Home\",\"item\":\"https:\\\/\\\/www.cortealma.com\\\/de\\\/\"},{\"@type\":\"ListItem\",\"position\":2,\"name\":\"Inklusivleistungen\"}]},{\"@type\":\"WebSite\",\"@id\":\"https:\\\/\\\/www.cortealma.com\\\/#website\",\"url\":\"https:\\\/\\\/www.cortealma.com\\\/\",\"name\":\"Corte Alma\",\"description\":\"Corte Alma Spa &amp; Luxury Home\",\"publisher\":{\"@id\":\"https:\\\/\\\/www.cortealma.com\\\/#organization\"},\"potentialAction\":[{\"@type\":\"SearchAction\",\"target\":{\"@type\":\"EntryPoint\",\"urlTemplate\":\"https:\\\/\\\/www.cortealma.com\\\/?s={search_term_string}\"},\"query-input\":{\"@type\":\"PropertyValueSpecification\",\"valueRequired\":true,\"valueName\":\"search_term_string\"}}],\"inLanguage\":\"de\"},{\"@type\":\"Organization\",\"@id\":\"https:\\\/\\\/www.cortealma.com\\\/#organization\",\"name\":\"Corte Alma Spa & Luxury Home\",\"url\":\"https:\\\/\\\/www.cortealma.com\\\/\",\"logo\":{\"@type\":\"ImageObject\",\"inLanguage\":\"de\",\"@id\":\"https:\\\/\\\/www.cortealma.com\\\/#\\\/schema\\\/logo\\\/image\\\/\",\"url\":\"https:\\\/\\\/www.cortealma.com\\\/wp-content\\\/uploads\\\/2022\\\/01\\\/logo-header.svg\",\"contentUrl\":\"https:\\\/\\\/www.cortealma.com\\\/wp-content\\\/uploads\\\/2022\\\/01\\\/logo-header.svg\",\"width\":299,\"height\":299,\"caption\":\"Corte Alma Spa & Luxury Home\"},\"image\":{\"@id\":\"https:\\\/\\\/www.cortealma.com\\\/#\\\/schema\\\/logo\\\/image\\\/\"},\"sameAs\":[\"https:\\\/\\\/www.facebook.com\\\/corte.alma\",\"https:\\\/\\\/www.instagram.com\\\/bbcortealmaspa\\\/\",\"https:\\\/\\\/www.youtube.com\\\/channel\\\/UCDYnMKODVoQwDHSAR6f4_ow\"]}]}<\/script>\n<!-- \/ Yoast SEO plugin. -->","yoast_head_json":{"title":"Inklusivleistungen - Corte Alma","description":"Gem\u00fctliches Bed & Breakfast mit Spa, nur einen Steinwurf vom fantastischen Gardasee entfernt, 6 Schlafzimmer, Sauna, T\u00fcrkisches Bad und Mini-Whirlpool","robots":{"index":"index","follow":"follow","max-snippet":"max-snippet:-1","max-image-preview":"max-image-preview:large","max-video-preview":"max-video-preview:-1"},"canonical":"https:\/\/www.cortealma.com\/de\/inklusivleistungen\/","og_locale":"de_DE","og_type":"article","og_title":"Inklusivleistungen - Corte Alma","og_description":"Gem\u00fctliches Bed & Breakfast mit Spa, nur einen Steinwurf vom fantastischen Gardasee entfernt, 6 Schlafzimmer, Sauna, T\u00fcrkisches Bad und Mini-Whirlpool","og_url":"https:\/\/www.cortealma.com\/de\/inklusivleistungen\/","og_site_name":"Corte Alma","article_publisher":"https:\/\/www.facebook.com\/corte.alma","article_modified_time":"2025-03-10T08:39:41+00:00","twitter_card":"summary_large_image","twitter_misc":{"Gesch\u00e4tzte Lesezeit":"3\u00a0Minuten"},"schema":{"@context":"https:\/\/schema.org","@graph":[{"@type":"WebPage","@id":"https:\/\/www.cortealma.com\/de\/inklusivleistungen\/","url":"https:\/\/www.cortealma.com\/de\/inklusivleistungen\/","name":"Inklusivleistungen - Corte Alma","isPartOf":{"@id":"https:\/\/www.cortealma.com\/#website"},"datePublished":"2022-01-20T14:25:36+00:00","dateModified":"2025-03-10T08:39:41+00:00","description":"Gem\u00fctliches Bed & Breakfast mit Spa, nur einen Steinwurf vom fantastischen Gardasee entfernt, 6 Schlafzimmer, Sauna, T\u00fcrkisches Bad und Mini-Whirlpool","breadcrumb":{"@id":"https:\/\/www.cortealma.com\/de\/inklusivleistungen\/#breadcrumb"},"inLanguage":"de","potentialAction":[{"@type":"ReadAction","target":["https:\/\/www.cortealma.com\/de\/inklusivleistungen\/"]}]},{"@type":"BreadcrumbList","@id":"https:\/\/www.cortealma.com\/de\/inklusivleistungen\/#breadcrumb","itemListElement":[{"@type":"ListItem","position":1,"name":"Home","item":"https:\/\/www.cortealma.com\/de\/"},{"@type":"ListItem","position":2,"name":"Inklusivleistungen"}]},{"@type":"WebSite","@id":"https:\/\/www.cortealma.com\/#website","url":"https:\/\/www.cortealma.com\/","name":"Corte Alma","description":"Corte Alma Spa &amp; Luxury Home","publisher":{"@id":"https:\/\/www.cortealma.com\/#organization"},"potentialAction":[{"@type":"SearchAction","target":{"@type":"EntryPoint","urlTemplate":"https:\/\/www.cortealma.com\/?s={search_term_string}"},"query-input":{"@type":"PropertyValueSpecification","valueRequired":true,"valueName":"search_term_string"}}],"inLanguage":"de"},{"@type":"Organization","@id":"https:\/\/www.cortealma.com\/#organization","name":"Corte Alma Spa & Luxury Home","url":"https:\/\/www.cortealma.com\/","logo":{"@type":"ImageObject","inLanguage":"de","@id":"https:\/\/www.cortealma.com\/#\/schema\/logo\/image\/","url":"https:\/\/www.cortealma.com\/wp-content\/uploads\/2022\/01\/logo-header.svg","contentUrl":"https:\/\/www.cortealma.com\/wp-content\/uploads\/2022\/01\/logo-header.svg","width":299,"height":299,"caption":"Corte Alma Spa & Luxury Home"},"image":{"@id":"https:\/\/www.cortealma.com\/#\/schema\/logo\/image\/"},"sameAs":["https:\/\/www.facebook.com\/corte.alma","https:\/\/www.instagram.com\/bbcortealmaspa\/","https:\/\/www.youtube.com\/channel\/UCDYnMKODVoQwDHSAR6f4_ow"]}]}},"_links":{"self":[{"href":"https:\/\/www.cortealma.com\/de\/wp-json\/wp\/v2\/pages\/1091","targetHints":{"allow":["GET"]}}],"collection":[{"href":"https:\/\/www.cortealma.com\/de\/wp-json\/wp\/v2\/pages"}],"about":[{"href":"https:\/\/www.cortealma.com\/de\/wp-json\/wp\/v2\/types\/page"}],"author":[{"embeddable":true,"href":"https:\/\/www.cortealma.com\/de\/wp-json\/wp\/v2\/users\/1"}],"replies":[{"embeddable":true,"href":"https:\/\/www.cortealma.com\/de\/wp-json\/wp\/v2\/comments?post=1091"}],"version-history":[{"count":10,"href":"https:\/\/www.cortealma.com\/de\/wp-json\/wp\/v2\/pages\/1091\/revisions"}],"predecessor-version":[{"id":1250,"href":"https:\/\/www.cortealma.com\/de\/wp-json\/wp\/v2\/pages\/1091\/revisions\/1250"}],"wp:attachment":[{"href":"https:\/\/www.cortealma.com\/de\/wp-json\/wp\/v2\/media?parent=1091"}],"curies":[{"name":"wp","href":"https:\/\/api.w.org\/{rel}","templated":true}]}}